

{"id":4,"date":"2011-12-08T11:55:34","date_gmt":"2011-12-08T10:55:34","guid":{"rendered":"http:\/\/project.inria.fr\/template1\/?page_id=4"},"modified":"2025-03-18T11:14:17","modified_gmt":"2025-03-18T10:14:17","slug":"home","status":"publish","type":"page","link":"https:\/\/icare.inria.fr\/fr\/","title":{"rendered":""},"content":{"rendered":"<p><\/p>\n<p><strong>ICARE<\/strong> est un projet jeunes chercheuses jeune chercheurs financ\u00e9 par l&rsquo;ANR (Agence Nationale de la Recherche, Subvention ANR-22-CE33-0002) portant sur l&rsquo;interaction humain-machine, l&rsquo;\u00e9ducation et la collaboration \u00e0 distance. Il est dirig\u00e9 par Arnaud Prouzeau, chercheur dans l&rsquo;\u00e9quipe Potioc de l&rsquo;Inria Bordeaux Sud-Ouest et implique des chercheurs des \u00e9quipes de recherche suivantes :<\/p>\n<ul>\n<li>L&rsquo;\u00e9quipe-projet <a href=\"https:\/\/team.inria.fr\/potioc\/fr\/\">Potioc<\/a> (<a href=\"https:\/\/www.inria.fr\/en\">Inria<\/a>, <a href=\"https:\/\/www.u-bordeaux.fr\/\">Universit\u00e9 de Bordeaux<\/a>, <a href=\"http:\/\/www.cnrs.fr\/\">CNRS<\/a>) \u2013 Bordeaux, France<\/li>\n<li>L&rsquo;\u00e9quipe-projet <a href=\"https:\/\/ilda.saclay.inria.fr\/\">ILDA<\/a> (<a href=\"https:\/\/www.inria.fr\/en\">Inria<\/a>, <a href=\"https:\/\/www.universite-paris-saclay.fr\/\">Universit\u00e9 Paris-Saclay<\/a>, <a href=\"http:\/\/www.cnrs.fr\/\">CNRS<\/a>) \u2013 Paris, France<\/li>\n<li>L&rsquo;\u00e9quipe <a href=\"https:\/\/itee.uq.edu.au\/human-centred-computing\">Human-Centred Computing<\/a> (<a href=\"https:\/\/www.uq.edu.au\/\">University of Queensland<\/a>) \u2013 Brisbane, Australie<\/li>\n<li>Le <a href=\"https:\/\/www.monash.edu\/colam\">Centre for Learning Analytics<\/a> (<a href=\"https:\/\/www.monash.edu\/\">Monash University<\/a>) \u2013 Melbourne, Australie<\/li>\n<\/ul>\n<p>L&rsquo;entreprise <a href=\"https:\/\/www.practeex.com\/\">Practeex<\/a> est aussi impliqu\u00e9 et proposera un cas d&rsquo;utilisation pour le projet.<\/p>\n<p>Le projet a commenc\u00e9 le 1er avril 2023.<\/p>\n<p><\/p>\n\n\n<\/p>\n<h2 class=\"wp-block-heading\">R\u00e9sum\u00e9<\/h2>\n<p>\n\n\n\n<\/p>\n<p>Dans ce projet, nous explorons l&rsquo;utilisation des technologies immersives pour l&rsquo;apprentissage collaboratif. D&rsquo;abord dans des environnements de r\u00e9alit\u00e9 virtuelle compl\u00e8te, puis dans des environments h\u00e9t\u00e9rog\u00e8nes comprenant diff\u00e9rents types de dispositifs (par exemple, RA\/RV, mur d&rsquo;\u00e9crans, ordinateurs de bureau), nous concevrons des techniques d&rsquo;interaction pour am\u00e9liorer la fa\u00e7on dont les gens collaborent dans des travaux pratiques. Nous d\u00e9velopperons \u00e9galement des mesures pour \u00e9valuer l&rsquo;impact de ces techniques sur la fa\u00e7on dont les gens apprennent et sur la fa\u00e7on dont elles procurent aux utilisateurs une bonne conscience sociale.<\/p>\n<p>\n\n\n\n<\/p>\n<figure class=\"wp-block-image size-large\"><a href=\"https:\/\/icare.inria.fr\/files\/2023\/02\/Overview.jpg\"><img loading=\"lazy\" decoding=\"async\" width=\"1024\" height=\"311\" class=\"wp-image-66\" src=\"https:\/\/icare.inria.fr\/files\/2023\/02\/Overview-1024x311.jpg\" alt=\"\" srcset=\"https:\/\/icare.inria.fr\/files\/2023\/02\/Overview-1024x311.jpg 1024w, https:\/\/icare.inria.fr\/files\/2023\/02\/Overview-300x91.jpg 300w, https:\/\/icare.inria.fr\/files\/2023\/02\/Overview-768x234.jpg 768w, https:\/\/icare.inria.fr\/files\/2023\/02\/Overview-1536x467.jpg 1536w, https:\/\/icare.inria.fr\/files\/2023\/02\/Overview-150x46.jpg 150w, https:\/\/icare.inria.fr\/files\/2023\/02\/Overview.jpg 1999w\" sizes=\"auto, (max-width: 1024px) 100vw, 1024px\" \/><\/a><\/figure>\n<p>\n\n\n<p><\/p>\n\n\n<\/p>\n<h2 class=\"wp-block-heading\">Participants<\/h2>\n<p>\n\n\n\n<p><strong>Bivwac<\/strong>: <a rel=\"noreferrer noopener\" href=\"https:\/\/people.bordeaux.inria.fr\/hachet\/\" target=\"_blank\">Martin Hachet<\/a>, <a rel=\"noreferrer noopener\" href=\"http:\/\/yvonnejansen.me\/\" target=\"_blank\">Yvonne Jansen<\/a>, <a href=\"https:\/\/bivwac.fr\/people\/le_meudec\/\" target=\"_blank\" rel=\"noreferrer noopener\">Juliette<\/a><a rel=\"noreferrer noopener\" href=\"https:\/\/bivwac.fr\/people\/le_meudec\/\" target=\"_blank\"> Le Meudec<\/a><\/p>\n\n\n\n<p><strong>ILDA<\/strong>: <a rel=\"noreferrer noopener\" href=\"https:\/\/www.lri.fr\/~anab\/\" target=\"_blank\">Anastasia Bezerianos<\/a>, <a rel=\"noreferrer noopener\" href=\"http:\/\/aprouzeau.com\/\" target=\"_blank\">Arnaud Prouzeau<\/a>, <a href=\"https:\/\/www.linkedin.com\/in\/lucas-spooner-a15362328\/\" data-type=\"URL\" data-id=\"https:\/\/www.linkedin.com\/in\/lucas-spooner-a15362328\/\">Lucas Spooner<\/a><\/p>\n\n\n\n<p><strong>HCC<\/strong>: <a href=\"https:\/\/sites.google.com\/view\/cordeil\/\" target=\"_blank\" rel=\"noreferrer noopener\">Maxime Cordeil<\/a><\/p>\n\n\n\n\n<p><strong>CoLAM<\/strong>: <a href=\"https:\/\/research.monash.edu\/en\/persons\/roberto-martinez-maldonado\">Roberto Martinez-Maldonado<\/a><\/p>\n\n\n\n<\/p>\n<h2>Contact<\/h2>\n<p>\n\n\n\n<\/p>\n<p><a href=\"mailto:arnaud.prouzeau@inria.fr\">arnaud.prouzeau@inria.fr<\/a><\/p>\n<p>\n\n\n<p><\/p>","protected":false},"excerpt":{"rendered":"<p>ICARE est un projet jeunes chercheuses jeune chercheurs financ\u00e9 par l&rsquo;ANR (Agence Nationale de la Recherche, Subvention ANR-22-CE33-0002) portant sur l&rsquo;interaction humain-machine, l&rsquo;\u00e9ducation et la collaboration \u00e0 distance. Il est dirig\u00e9 par Arnaud Prouzeau, chercheur dans l&rsquo;\u00e9quipe Potioc de l&rsquo;Inria Bordeaux Sud-Ouest et implique des chercheurs des \u00e9quipes de recherche\u2026<\/p>\n<p> <a class=\"continue-reading-link\" href=\"https:\/\/icare.inria.fr\/fr\/\"><span>Continue reading<\/span><i class=\"crycon-right-dir\"><\/i><\/a> <\/p>\n","protected":false},"author":1,"featured_media":0,"parent":0,"menu_order":0,"comment_status":"closed","ping_status":"closed","template":"","meta":{"footnotes":""},"class_list":["post-4","page","type-page","status-publish","hentry"],"_links":{"self":[{"href":"https:\/\/icare.inria.fr\/fr\/wp-json\/wp\/v2\/pages\/4","targetHints":{"allow":["GET"]}}],"collection":[{"href":"https:\/\/icare.inria.fr\/fr\/wp-json\/wp\/v2\/pages"}],"about":[{"href":"https:\/\/icare.inria.fr\/fr\/wp-json\/wp\/v2\/types\/page"}],"author":[{"embeddable":true,"href":"https:\/\/icare.inria.fr\/fr\/wp-json\/wp\/v2\/users\/1"}],"replies":[{"embeddable":true,"href":"https:\/\/icare.inria.fr\/fr\/wp-json\/wp\/v2\/comments?post=4"}],"version-history":[{"count":13,"href":"https:\/\/icare.inria.fr\/fr\/wp-json\/wp\/v2\/pages\/4\/revisions"}],"predecessor-version":[{"id":130,"href":"https:\/\/icare.inria.fr\/fr\/wp-json\/wp\/v2\/pages\/4\/revisions\/130"}],"wp:attachment":[{"href":"https:\/\/icare.inria.fr\/fr\/wp-json\/wp\/v2\/media?parent=4"}],"curies":[{"name":"wp","href":"https:\/\/api.w.org\/{rel}","templated":true}]}}